{"id":12,"date":"2019-08-22T12:19:09","date_gmt":"2019-08-22T10:19:09","guid":{"rendered":"http:\/\/www.prejezdbeskyd.eu\/?page_id=12"},"modified":"2021-07-13T14:12:33","modified_gmt":"2021-07-13T12:12:33","slug":"kontakty","status":"publish","type":"page","link":"https:\/\/www.prejezdbeskyd.eu\/?page_id=12","title":{"rendered":"Kontakty"},"content":{"rendered":"<p><span style=\"font-size: 14pt; font-family: helvetica, arial, sans-serif;\">Bal\u00ed\u010dek <strong>P\u0159ejezduBeskyd<\/strong> objedn\u00e1vejte v\u00fdhradn\u011b emailem na: <strong><span style=\"color: #3366ff;\"><a style=\"color: #3366ff;\" href=\"mailto:chatari@chataprasiva.cz\">chatari@chataprasiva.cz<\/a><\/span><\/strong><\/span><\/p>\n<p><span style=\"font-size: 14pt; font-family: helvetica, arial, sans-serif;\"><span style=\"text-decoration: underline;\">Kontakty na nav\u0161t\u00edven\u00e9 chaty:<\/span><br \/>\n<strong>Chata Pra\u0161iv\u00e1:<\/strong>\u00a0+420 604 618 400, +420 555 11 22 77 &#8211; \u00a0<strong><span style=\"color: #3366ff;\"><a style=\"color: #3366ff;\" href=\"http:\/\/www.chataprasiva.cz\" target=\"_blank\" rel=\"noopener noreferrer\">web<\/a><\/span><br \/>\nKm\u00ednek<\/strong>:\u00a0+421 905 815 190,\u00a0+420 606 568 201 &#8211; \u00a0<span style=\"color: #3366ff;\"><strong><a style=\"color: #3366ff;\" href=\"http:\/\/chata-kminek.sk\/sk\/\" target=\"_blank\" rel=\"noopener noreferrer\">web<\/a><br \/>\n<\/strong><\/span><strong>Port\u00e1\u0161<\/strong>: +420 603 487 856, \u00a0+420 604 767 827, pevn\u00e1 linka +420 571 451 106 &#8211; \u00a0<span style=\"color: #3366ff;\"><strong><a style=\"color: #3366ff;\" href=\"https:\/\/www.hotelportas.cz\" target=\"_blank\" rel=\"noopener noreferrer\">web<\/a><\/strong><\/span><\/span><\/p>\n","protected":false},"excerpt":{"rendered":"<p>Bal\u00ed\u010dek P\u0159ejezduBeskyd objedn\u00e1vejte v\u00fdhradn\u011b emailem na: chatari@chataprasiva.cz Kontakty na nav\u0161t\u00edven\u00e9 chaty: Chata Pra\u0161iv\u00e1:\u00a0+420 604 618 400, +420 555 11 22 77 &#8211; \u00a0web Km\u00ednek:\u00a0+421 905 815 190,\u00a0+420 606 568 201 &#8211; \u00a0web Port\u00e1\u0161: +420 603 487 856, \u00a0+420 604 767 827, pevn\u00e1 linka +420 571 451 106 &#8211; \u00a0web<\/p>\n","protected":false},"author":1,"featured_media":0,"parent":0,"menu_order":5,"comment_status":"closed","ping_status":"closed","template":"","meta":{"footnotes":""},"class_list":["post-12","page","type-page","status-publish","hentry"],"_links":{"self":[{"href":"https:\/\/www.prejezdbeskyd.eu\/index.php?rest_route=\/wp\/v2\/pages\/12","targetHints":{"allow":["GET"]}}],"collection":[{"href":"https:\/\/www.prejezdbeskyd.eu\/index.php?rest_route=\/wp\/v2\/pages"}],"about":[{"href":"https:\/\/www.prejezdbeskyd.eu\/index.php?rest_route=\/wp\/v2\/types\/page"}],"author":[{"embeddable":true,"href":"https:\/\/www.prejezdbeskyd.eu\/index.php?rest_route=\/wp\/v2\/users\/1"}],"replies":[{"embeddable":true,"href":"https:\/\/www.prejezdbeskyd.eu\/index.php?rest_route=%2Fwp%2Fv2%2Fcomments&post=12"}],"version-history":[{"count":28,"href":"https:\/\/www.prejezdbeskyd.eu\/index.php?rest_route=\/wp\/v2\/pages\/12\/revisions"}],"predecessor-version":[{"id":377,"href":"https:\/\/www.prejezdbeskyd.eu\/index.php?rest_route=\/wp\/v2\/pages\/12\/revisions\/377"}],"wp:attachment":[{"href":"https:\/\/www.prejezdbeskyd.eu\/index.php?rest_route=%2Fwp%2Fv2%2Fmedia&parent=12"}],"curies":[{"name":"wp","href":"https:\/\/api.w.org\/{rel}","templated":true}]}}